{"id":14869,"date":"2014-05-20T07:51:11","date_gmt":"2014-05-20T07:51:11","guid":{"rendered":"http:\/\/demo.qodeinteractive.com\/bridge51\/?page_id=14869"},"modified":"2018-03-06T09:39:23","modified_gmt":"2018-03-06T06:39:23","slug":"home","status":"publish","type":"page","link":"https:\/\/tekniktempo.com.tr\/en\/","title":{"rendered":"Home"},"content":{"rendered":"<p>[vc_row row_type=&#8221;row&#8221; use_row_as_full_screen_section=&#8221;no&#8221; type=&#8221;full_width&#8221; angled_section=&#8221;no&#8221; text_align=&#8221;left&#8221; background_image_as_pattern=&#8221;without_pattern&#8221; css_animation=&#8221;&#8221;][vc_column]\n\t\t\t<!-- START homeslider REVOLUTION SLIDER 6.4.8 --><p class=\"rs-p-wp-fix\"><\/p>\n\t\t\t<rs-module-wrap id=\"rev_slider_1_1_wrapper\" data-source=\"gallery\" style=\"background:transparent;padding:0;margin:0px auto;margin-top:0;margin-bottom:0;\">\n\t\t\t\t<rs-module id=\"rev_slider_1_1\" style=\"\" data-version=\"6.4.8\">\n\t\t\t\t\t<rs-slides>\n\t\t\t\t\t\t<rs-slide data-key=\"rs-4\" data-title=\"Slide\" data-link=\"\/\/tekniktempo.com.tr\/2017\/03\/16\/ercis-icmesuyu-rehabilitasyonu-teknik-yardim-ve-kontrolluk-hizmet-sozlesmesi\/\" data-target=\"_self\" data-seoz=\"front\" data-duration=\"3990\" data-anim=\"ms:600;\" data-in=\"o:0;\" data-out=\"a:false;\">\n\t\t\t\t\t\t\t<img decoding=\"async\" src=\"\/\/tekniktempo.com.tr\/wp-content\/uploads\/2017\/10\/DJI_0055.jpg\" title=\"Home\" class=\"rev-slidebg tp-rs-img\" data-no-retina>\n<!--\n\t\t\t\t\t\t\t--><rs-layer\n\t\t\t\t\t\t\t\tid=\"slider-1-slide-4-layer-1\" \n\t\t\t\t\t\t\t\tdata-type=\"text\"\n\t\t\t\t\t\t\t\tdata-color=\"rgba(242,242,242,1)\"\n\t\t\t\t\t\t\t\tdata-rsp_ch=\"on\"\n\t\t\t\t\t\t\t\tdata-xy=\"xo:25px;yo:116px;\"\n\t\t\t\t\t\t\t\tdata-text=\"w:normal;s:30;l:30;fw:600;\"\n\t\t\t\t\t\t\t\tdata-dim=\"w:631px;\"\n\t\t\t\t\t\t\t\tdata-frame_0=\"tp:600;\"\n\t\t\t\t\t\t\t\tdata-frame_1=\"tp:600;e:power2.inOut;st:500;sp:50;\"\n\t\t\t\t\t\t\t\tdata-frame_999=\"o:0;tp:600;e:nothing;st:w;\"\n\t\t\t\t\t\t\t\tstyle=\"z-index:5;\"\n\t\t\t\t\t\t\t>Erci\u015f Drinking Water Rehabilitation Technical Support and Supervision Services \n\t\t\t\t\t\t\t<\/rs-layer><!--\n-->\t\t\t\t\t\t<\/rs-slide>\n\t\t\t\t\t\t<rs-slide data-key=\"rs-5\" data-title=\"Slide\" data-link=\"\/\/tekniktempo.com.tr\/2017\/03\/16\/erzincan-kars-kis-turizm-koridorunu-gelistirme-projesi-musavirlik-hizmetleri\/\" data-target=\"_self\" data-seoz=\"front\" data-duration=\"3990\" data-anim=\"ms:600;\" data-in=\"o:0;\" data-out=\"a:false;\">\n\t\t\t\t\t\t\t<img decoding=\"async\" src=\"\/\/tekniktempo.com.tr\/wp-content\/uploads\/2017\/03\/erz-kars1.jpg\" title=\"Home\" class=\"rev-slidebg tp-rs-img\" data-no-retina>\n<!--\n\t\t\t\t\t\t\t--><rs-layer\n\t\t\t\t\t\t\t\tid=\"slider-1-slide-5-layer-1\" \n\t\t\t\t\t\t\t\tdata-type=\"text\"\n\t\t\t\t\t\t\t\tdata-color=\"rgba(239,239,239,1)\"\n\t\t\t\t\t\t\t\tdata-rsp_ch=\"on\"\n\t\t\t\t\t\t\t\tdata-xy=\"xo:631px;yo:349px;\"\n\t\t\t\t\t\t\t\tdata-text=\"w:normal;s:30;l:30;fw:600;\"\n\t\t\t\t\t\t\t\tdata-dim=\"w:622px;\"\n\t\t\t\t\t\t\t\tdata-frame_0=\"tp:600;\"\n\t\t\t\t\t\t\t\tdata-frame_1=\"tp:600;e:power2.inOut;st:500;sp:50;\"\n\t\t\t\t\t\t\t\tdata-frame_999=\"o:0;tp:600;e:nothing;st:w;\"\n\t\t\t\t\t\t\t\tstyle=\"z-index:5;\"\n\t\t\t\t\t\t\t>Erzincan Kars Winter Corridor Tourism Development Project Consultancy Services \n\t\t\t\t\t\t\t<\/rs-layer><!--\n-->\t\t\t\t\t\t<\/rs-slide>\n\t\t\t\t\t\t<rs-slide data-key=\"rs-6\" data-title=\"Slide\" data-link=\"\/\/tekniktempo.com.tr\/2017\/03\/16\/seydisehiratik\/\" data-target=\"_self\" data-seoz=\"front\" data-duration=\"4000\" data-anim=\"ms:600;\" data-in=\"o:0;\" data-out=\"a:false;\">\n\t\t\t\t\t\t\t<img decoding=\"async\" src=\"\/\/tekniktempo.com.tr\/wp-content\/uploads\/2017\/10\/SEYD\u0130\u015eEH\u0130R.jpg\" title=\"Home\" class=\"rev-slidebg tp-rs-img\" data-no-retina>\n<!--\n\t\t\t\t\t\t\t--><rs-layer\n\t\t\t\t\t\t\t\tid=\"slider-1-slide-6-layer-1\" \n\t\t\t\t\t\t\t\tdata-type=\"text\"\n\t\t\t\t\t\t\t\tdata-color=\"rgba(237,235,232,1)\"\n\t\t\t\t\t\t\t\tdata-rsp_ch=\"on\"\n\t\t\t\t\t\t\t\tdata-xy=\"xo:23px;yo:313px;\"\n\t\t\t\t\t\t\t\tdata-text=\"w:normal;s:30;l:30;fw:600;\"\n\t\t\t\t\t\t\t\tdata-dim=\"w:527px;\"\n\t\t\t\t\t\t\t\tdata-frame_0=\"tp:600;\"\n\t\t\t\t\t\t\t\tdata-frame_1=\"tp:600;e:power2.inOut;st:500;sp:50;\"\n\t\t\t\t\t\t\t\tdata-frame_999=\"o:0;tp:600;e:nothing;st:w;\"\n\t\t\t\t\t\t\t\tstyle=\"z-index:5;\"\n\t\t\t\t\t\t\t>Seydi\u015fehir Water and Wastewater Project Technical Support and Supervision Services \n\t\t\t\t\t\t\t<\/rs-layer><!--\n-->\t\t\t\t\t\t<\/rs-slide>\n\t\t\t\t\t\t<rs-slide data-key=\"rs-7\" data-title=\"Slide\" data-link=\"\/\/tekniktempo.com.tr\/2017\/03\/16\/sanliurfaatik\/\" data-target=\"_self\" data-seoz=\"front\" data-duration=\"3980\" data-anim=\"ms:600;\" data-in=\"o:0;\" data-out=\"a:false;\">\n\t\t\t\t\t\t\t<img decoding=\"async\" src=\"\/\/tekniktempo.com.tr\/wp-content\/uploads\/2017\/10\/sss.jpg\" title=\"Home\" class=\"rev-slidebg tp-rs-img\" data-no-retina>\n<!--\n\t\t\t\t\t\t\t--><rs-layer\n\t\t\t\t\t\t\t\tid=\"slider-1-slide-7-layer-1\" \n\t\t\t\t\t\t\t\tdata-type=\"text\"\n\t\t\t\t\t\t\t\tdata-color=\"rgba(255,255,255,1)\"\n\t\t\t\t\t\t\t\tdata-rsp_ch=\"on\"\n\t\t\t\t\t\t\t\tdata-xy=\"xo:23px;yo:334px;\"\n\t\t\t\t\t\t\t\tdata-text=\"w:normal;s:30;l:30;fw:600;\"\n\t\t\t\t\t\t\t\tdata-dim=\"w:628px;h:91px;\"\n\t\t\t\t\t\t\t\tdata-frame_0=\"tp:600;\"\n\t\t\t\t\t\t\t\tdata-frame_1=\"tp:600;e:power2.inOut;st:500;sp:50;\"\n\t\t\t\t\t\t\t\tdata-frame_999=\"o:0;tp:600;e:nothing;st:w;\"\n\t\t\t\t\t\t\t\tstyle=\"z-index:5;\"\n\t\t\t\t\t\t\t>\u015eanl\u0131urfa Waste Water Treatment Plant and Wastewater Collector Renovation Project Supervision Services \n\t\t\t\t\t\t\t<\/rs-layer><!--\n-->\t\t\t\t\t\t<\/rs-slide>\n\t\t\t\t\t<\/rs-slides>\n\t\t\t\t<\/rs-module>\n\t\t\t\t<script type=\"text\/javascript\">\n\t\t\t\t\tsetREVStartSize({c: 'rev_slider_1_1',rl:[1240,1024,778,480],el:[],gw:[1240,1024,778,480],gh:[468,668,960,720],type:'standard',justify:'',layout:'fullwidth',mh:\"0\"});\n\t\t\t\t\tvar\trevapi1,\n\t\t\t\t\t\ttpj;\n\t\t\t\t\tfunction revinit_revslider11() {\n\t\t\t\t\tjQuery(function() {\n\t\t\t\t\t\ttpj = jQuery;\n\t\t\t\t\t\trevapi1 = tpj(\"#rev_slider_1_1\");\n\t\t\t\t\t\tif(revapi1==undefined || revapi1.revolution == undefined){\n\t\t\t\t\t\t\trevslider_showDoubleJqueryError(\"rev_slider_1_1\");\n\t\t\t\t\t\t}else{\n\t\t\t\t\t\t\trevapi1.revolution({\n\t\t\t\t\t\t\t\tsliderLayout:\"fullwidth\",\n\t\t\t\t\t\t\t\tvisibilityLevels:\"1240,1024,778,480\",\n\t\t\t\t\t\t\t\tgridwidth:\"1240,1024,778,480\",\n\t\t\t\t\t\t\t\tgridheight:\"468,668,960,720\",\n\t\t\t\t\t\t\t\tspinner:\"spinner0\",\n\t\t\t\t\t\t\t\tperspectiveType:\"local\",\n\t\t\t\t\t\t\t\tresponsiveLevels:\"1240,1024,778,480\",\n\t\t\t\t\t\t\t\tprogressBar:{disableProgressBar:true},\n\t\t\t\t\t\t\t\tnavigation: {\n\t\t\t\t\t\t\t\t\tonHoverStop:false\n\t\t\t\t\t\t\t\t},\n\t\t\t\t\t\t\t\tfallbacks: {\n\t\t\t\t\t\t\t\t\tallowHTML5AutoPlayOnAndroid:true\n\t\t\t\t\t\t\t\t},\n\t\t\t\t\t\t\t});\n\t\t\t\t\t\t}\n\t\t\t\t\t\t\n\t\t\t\t\t});\n\t\t\t\t\t} \/\/ End of RevInitScript\n\t\t\t\tvar once_revslider11 = false;\n\t\t\t\tif (document.readyState === \"loading\") {document.addEventListener('readystatechange',function() { if((document.readyState === \"interactive\" || document.readyState === \"complete\") && !once_revslider11 ) { once_revslider11 = true; revinit_revslider11();}});} else {once_revslider11 = true; revinit_revslider11();}\n\t\t\t\t<\/script>\n\t\t\t<\/rs-module-wrap>\n\t\t\t<!-- END REVOLUTION SLIDER -->\n[\/vc_column][\/vc_row][vc_row row_type=&#8221;row&#8221; use_row_as_full_screen_section=&#8221;no&#8221; type=&#8221;grid&#8221; angled_section=&#8221;no&#8221; text_align=&#8221;left&#8221; background_image_as_pattern=&#8221;without_pattern&#8221; padding_top=&#8221;60&#8243; padding_bottom=&#8221;100&#8243; css_animation=&#8221;&#8221; el_class=&#8221;home-row&#8221;][vc_column][vc_column_text el_class=&#8221;home-desc&#8221;]<\/p>\n<p style=\"text-align: center;\">Teknik Tempo Engineers and Consultants is an independent, internationally recognized engineering consultancy firm based in Ankara, Turkey.<\/p>\n<p style=\"text-align: center;\">With our strong technical background, we would like to welcome you to learn more about Teknik Tempo\u2019s history, expertise, and skilled services.<\/p>\n<p>[\/vc_column_text][\/vc_column][\/vc_row][vc_row equal_height=&#8221;yes&#8221; row_type=&#8221;row&#8221; use_row_as_full_screen_section=&#8221;no&#8221; type=&#8221;grid&#8221; angled_section=&#8221;no&#8221; text_align=&#8221;center&#8221; background_image_as_pattern=&#8221;without_pattern&#8221; padding_top=&#8221;30&#8243; padding_bottom=&#8221;60&#8243; css_animation=&#8221;&#8221; el_class=&#8221;home-row&#8221;][vc_column width=&#8221;1\/4&#8243;][vc_single_image image=&#8221;15814&#8243; img_size=&#8221;full&#8221; alignment=&#8221;center&#8221; qode_css_animation=&#8221;&#8221; el_class=&#8221;icon-img&#8221;][vc_column_text el_class=&#8221;icon-title&#8221;]<\/p>\n<h2 style=\"text-align: center;\"><a href=\"https:\/\/tekniktempo.com.tr\/en\/su-temini\/\">Water Supply<\/a><\/h2>\n<p>[\/vc_column_text][vc_column_text][\/vc_column_text][\/vc_column][vc_column width=&#8221;1\/4&#8243;][vc_single_image image=&#8221;15813&#8243; img_size=&#8221;full&#8221; alignment=&#8221;center&#8221; qode_css_animation=&#8221;&#8221; el_class=&#8221;icon-img&#8221;][vc_column_text el_class=&#8221;icon-title&#8221;]<\/p>\n<h2 style=\"text-align: center;\"><a href=\"https:\/\/tekniktempo.com.tr\/en\/atiksu-yonetimi\/\">Wastewater Management<\/a><\/h2>\n<p>[\/vc_column_text][vc_column_text][\/vc_column_text][\/vc_column][vc_column width=&#8221;1\/4&#8243;][vc_single_image image=&#8221;15812&#8243; img_size=&#8221;full&#8221; alignment=&#8221;center&#8221; qode_css_animation=&#8221;&#8221; el_class=&#8221;icon-img&#8221;][vc_column_text el_class=&#8221;icon-title&#8221;]<\/p>\n<h2 style=\"text-align: center;\"><a href=\"https:\/\/tekniktempo.com.tr\/en\/kati-atik-yonetimi\/\">Solid Waste Management<\/a><\/h2>\n<p>[\/vc_column_text][vc_column_text][\/vc_column_text][\/vc_column][vc_column width=&#8221;1\/4&#8243;][vc_single_image image=&#8221;15815&#8243; img_size=&#8221;full&#8221; alignment=&#8221;center&#8221; qode_css_animation=&#8221;&#8221; el_class=&#8221;icon-img&#8221;][vc_column_text el_class=&#8221;icon-title&#8221;]<\/p>\n<h2 style=\"text-align: center;\"><a href=\"https:\/\/tekniktempo.com.tr\/en\/teknik-destek-danismanlik\/\">Technical Assistance\/Consultancy<\/a><\/h2>\n<p>[\/vc_column_text][vc_column_text][\/vc_column_text][\/vc_column][\/vc_row][vc_row row_type=&#8221;row&#8221; use_row_as_full_screen_section=&#8221;no&#8221; type=&#8221;grid&#8221; angled_section=&#8221;no&#8221; text_align=&#8221;center&#8221; background_image_as_pattern=&#8221;without_pattern&#8221; padding_top=&#8221;30&#8243; padding_bottom=&#8221;30&#8243; css_animation=&#8221;&#8221; css=&#8221;.vc_custom_1486654253963{background-color: #f4f4f4 !important;}&#8221;][vc_column][vc_column_text el_class=&#8221;mavi-baslik&#8221; css=&#8221;.vc_custom_1486910574330{margin-top: 30px !important;margin-bottom: 30px !important;}&#8221;]<\/p>\n<h2 style=\"text-align: center;\">Selected References<\/h2>\n<p>[\/vc_column_text][vc_column_text el_class=&#8221;home-desc&#8221; css=&#8221;.vc_custom_1490688992920{margin-top: 30px !important;margin-bottom: 30px !important;}&#8221;][\/vc_column_text][vc_basic_grid post_type=&#8221;post&#8221; max_items=&#8221;10&#8243; style=&#8221;pagination&#8221; items_per_page=&#8221;4&#8243; element_width=&#8221;3&#8243; gap=&#8221;15&#8243; arrows_design=&#8221;vc_arrow-icon-arrow_01_left&#8221; item=&#8221;15552&#8243; grid_id=&#8221;vc_gid:1520318392264-abe1ea52-2c71-9&#8243; css=&#8221;.vc_custom_1520318484453{margin-top: 30px !important;margin-bottom: 30px !important;}&#8221;][\/vc_column][\/vc_row]<\/p>\n","protected":false},"excerpt":{"rendered":"<p>[vc_row row_type=&#8221;row&#8221; use_row_as_full_screen_section=&#8221;no&#8221; type=&#8221;full_width&#8221; angled_section=&#8221;no&#8221; text_align=&#8221;left&#8221; background_image_as_pattern=&#8221;without_pattern&#8221; css_animation=&#8221;&#8221;][vc_column][\/vc_column][\/vc_row][vc_row row_type=&#8221;row&#8221; use_row_as_full_screen_section=&#8221;no&#8221; type=&#8221;grid&#8221; angled_section=&#8221;no&#8221; text_align=&#8221;left&#8221; background_image_as_pattern=&#8221;without_pattern&#8221; padding_top=&#8221;60&#8243; padding_bottom=&#8221;100&#8243; css_animation=&#8221;&#8221; el_class=&#8221;home-row&#8221;][vc_column][vc_column_text el_class=&#8221;home-desc&#8221;] Teknik Tempo Engineers and Consultants is an independent, internationally recognized engineering consultancy firm based in Ankara, Turkey. With our strong technical background, we would like to&#8230;<\/p>\n","protected":false},"author":1,"featured_media":0,"parent":0,"menu_order":0,"comment_status":"open","ping_status":"open","template":"full_width.php","meta":{"sfsi_plus_gutenberg_text_before_share":"","sfsi_plus_gutenberg_show_text_before_share":"","sfsi_plus_gutenberg_icon_type":"","sfsi_plus_gutenberg_icon_alignemt":"","sfsi_plus_gutenburg_max_per_row":"","footnotes":""},"_links":{"self":[{"href":"https:\/\/tekniktempo.com.tr\/en\/wp-json\/wp\/v2\/pages\/14869"}],"collection":[{"href":"https:\/\/tekniktempo.com.tr\/en\/wp-json\/wp\/v2\/pages"}],"about":[{"href":"https:\/\/tekniktempo.com.tr\/en\/wp-json\/wp\/v2\/types\/page"}],"author":[{"embeddable":true,"href":"https:\/\/tekniktempo.com.tr\/en\/wp-json\/wp\/v2\/users\/1"}],"replies":[{"embeddable":true,"href":"https:\/\/tekniktempo.com.tr\/en\/wp-json\/wp\/v2\/comments?post=14869"}],"version-history":[{"count":64,"href":"https:\/\/tekniktempo.com.tr\/en\/wp-json\/wp\/v2\/pages\/14869\/revisions"}],"predecessor-version":[{"id":16772,"href":"https:\/\/tekniktempo.com.tr\/en\/wp-json\/wp\/v2\/pages\/14869\/revisions\/16772"}],"wp:attachment":[{"href":"https:\/\/tekniktempo.com.tr\/en\/wp-json\/wp\/v2\/media?parent=14869"}],"curies":[{"name":"wp","href":"https:\/\/api.w.org\/{rel}","templated":true}]}}