{"id":15595,"date":"2017-02-10T11:19:15","date_gmt":"2017-02-10T08:19:15","guid":{"rendered":"https:\/\/tekniktempo.com.tr\/?page_id=15595"},"modified":"2018-03-06T17:15:20","modified_gmt":"2018-03-06T14:15:20","slug":"ofisler","status":"publish","type":"page","link":"https:\/\/tekniktempo.com.tr\/en\/ofisler\/","title":{"rendered":"Offices"},"content":{"rendered":"<p>[vc_row row_type=&#8221;row&#8221; use_row_as_full_screen_section=&#8221;no&#8221; type=&#8221;full_width&#8221; angled_section=&#8221;no&#8221; text_align=&#8221;left&#8221; background_image_as_pattern=&#8221;without_pattern&#8221; css_animation=&#8221;&#8221;][vc_column][vc_custom_heading text=&#8221;OFFICES IN TURKEY&#8221; use_theme_fonts=&#8221;yes&#8221; css=&#8221;.vc_custom_1486905454017{margin-bottom: 15px !important;}&#8221;][vc_single_image image=&#8221;16460&#8243; img_size=&#8221;full&#8221; alignment=&#8221;center&#8221; qode_css_animation=&#8221;&#8221;][vc_column_text]<\/p>\n<table border=\"0\" width=\"500%\" cellspacing=\"0\" cellpadding=\"5\">\n<tbody>\n<tr>\n<td bgcolor=\"#f5f9fc\"><strong>Ankara Head Office<\/strong><\/p>\n<p>\u0130lkbahar Mahallesi Galip Erdem Caddesi 617. Sokak No:8 06550 \u00c7ankaya &#8211; Ankara<br \/>\ntempo@tempo.com.tr<\/td>\n<\/tr>\n<tr>\n<td width=\"100%\">\n<table class=\"stripped-table alignleft\" style=\"width: 100%;\">\n<tbody>\n<tr>\n<td><strong>\u0130zmir Site Office<\/strong><\/p>\n<p>\u0130n\u00f6n\u00fc Caddesi 136 Sokak No: 47 Hatay &#8211; \u0130zmir<br \/>\n<strong>Tel:<\/strong> + 90 533 215 68 17<\/td>\n<\/tr>\n<tr>\n<td><strong>Kars &#8211; Sar\u0131kam\u0131\u015f Site Office<\/strong><\/p>\n<p>B\u00f6lge Trafik Kar\u015f\u0131s\u0131 Sar\u0131kam\u0131\u015f- Kars<br \/>\n<strong>Tel:<\/strong> + 90 533 212 20 06<\/p>\n<p><strong>Kaz\u0131m Taner Aksoy<\/strong><br \/>\nkaksoy@tempo.com.tr<\/td>\n<\/tr>\n<tr>\n<td><strong>\u015eanl\u0131urfa Site Office<\/strong><\/p>\n<p>\u015eanl\u0131urfa At\u0131ksu Ar\u0131tma Tesisi \u0130n\u015faat Sahas\u0131, \u00c7i\u00e7ekli K\u00f6y\u00fc Yan\u0131 Haliliye &#8211; \u015eanl\u0131urfa<br \/>\n<strong>Tel:<\/strong> + 90 532 697 39 79<\/p>\n<p><strong>Hakan Y\u0131lmaz<\/strong><\/p>\n<p><u>hyilmaz@tempo.com.tr<\/u><\/td>\n<\/tr>\n<tr>\n<td><strong>Van (Erci\u015f) Site Office<\/strong><\/p>\n<p>Er\u00e7i\u015f \u015eantiye B\u00f6lgesi Erci\u015f\/Van<br \/>\n<strong>Tel:<\/strong> + 90\u00a0432 351 00 21<br \/>\nercis@tempo.com.tr<\/td>\n<\/tr>\n<\/tbody>\n<\/table>\n<\/td>\n<\/tr>\n<\/tbody>\n<\/table>\n<p>[\/vc_column_text][\/vc_column][\/vc_row][vc_row row_type=&#8221;row&#8221; use_row_as_full_screen_section=&#8221;no&#8221; type=&#8221;full_width&#8221; angled_section=&#8221;no&#8221; text_align=&#8221;left&#8221; background_image_as_pattern=&#8221;without_pattern&#8221; css_animation=&#8221;&#8221; css=&#8221;.vc_custom_1486715741449{margin-top: 30px !important;}&#8221;][vc_column][vc_custom_heading text=&#8221;PAST AND PRESENT PROJECT OFFICES ABROAD&#8221; use_theme_fonts=&#8221;yes&#8221; css=&#8221;.vc_custom_1520345767631{margin-top: 15px !important;margin-bottom: 15px !important;}&#8221;][vc_single_image image=&#8221;16777&#8243; img_size=&#8221;full&#8221; alignment=&#8221;center&#8221; qode_css_animation=&#8221;&#8221;][\/vc_column][\/vc_row]<\/p>\n","protected":false},"excerpt":{"rendered":"<p>[vc_row row_type=&#8221;row&#8221; use_row_as_full_screen_section=&#8221;no&#8221; type=&#8221;full_width&#8221; angled_section=&#8221;no&#8221; text_align=&#8221;left&#8221; background_image_as_pattern=&#8221;without_pattern&#8221; css_animation=&#8221;&#8221;][vc_column][vc_custom_heading text=&#8221;OFFICES IN TURKEY&#8221; use_theme_fonts=&#8221;yes&#8221; css=&#8221;.vc_custom_1486905454017{margin-bottom: 15px !important;}&#8221;][vc_single_image image=&#8221;16460&#8243; img_size=&#8221;full&#8221; alignment=&#8221;center&#8221; qode_css_animation=&#8221;&#8221;][vc_column_text] Ankara Head Office \u0130lkbahar Mahallesi Galip Erdem Caddesi 617. Sokak No:8 06550 \u00c7ankaya &#8211; Ankara tempo@tempo.com.tr \u0130zmir Site Office \u0130n\u00f6n\u00fc Caddesi 136 Sokak No: 47 Hatay&#8230;<\/p>\n","protected":false},"author":1,"featured_media":0,"parent":0,"menu_order":0,"comment_status":"closed","ping_status":"closed","template":"","meta":{"sfsi_plus_gutenberg_text_before_share":"","sfsi_plus_gutenberg_show_text_before_share":"","sfsi_plus_gutenberg_icon_type":"","sfsi_plus_gutenberg_icon_alignemt":"","sfsi_plus_gutenburg_max_per_row":"","footnotes":""},"_links":{"self":[{"href":"https:\/\/tekniktempo.com.tr\/en\/wp-json\/wp\/v2\/pages\/15595"}],"collection":[{"href":"https:\/\/tekniktempo.com.tr\/en\/wp-json\/wp\/v2\/pages"}],"about":[{"href":"https:\/\/tekniktempo.com.tr\/en\/wp-json\/wp\/v2\/types\/page"}],"author":[{"embeddable":true,"href":"https:\/\/tekniktempo.com.tr\/en\/wp-json\/wp\/v2\/users\/1"}],"replies":[{"embeddable":true,"href":"https:\/\/tekniktempo.com.tr\/en\/wp-json\/wp\/v2\/comments?post=15595"}],"version-history":[{"count":28,"href":"https:\/\/tekniktempo.com.tr\/en\/wp-json\/wp\/v2\/pages\/15595\/revisions"}],"predecessor-version":[{"id":16781,"href":"https:\/\/tekniktempo.com.tr\/en\/wp-json\/wp\/v2\/pages\/15595\/revisions\/16781"}],"wp:attachment":[{"href":"https:\/\/tekniktempo.com.tr\/en\/wp-json\/wp\/v2\/media?parent=15595"}],"curies":[{"name":"wp","href":"https:\/\/api.w.org\/{rel}","templated":true}]}}